{"id":14078,"date":"2021-07-06T09:40:16","date_gmt":"2021-07-06T09:40:16","guid":{"rendered":"https:\/\/www.milenadunic.com\/shop\/tricolore\/"},"modified":"2021-07-06T13:05:48","modified_gmt":"2021-07-06T13:05:48","slug":"tricolore","status":"publish","type":"product","link":"https:\/\/www.milenadunic.com\/sr\/kolekcija\/tricolore\/","title":{"rendered":"Tricolore"},"content":{"rendered":"","protected":false},"excerpt":{"rendered":"<p>Tricolore je strukirana haljina kvadratnog vratnog izreza, sa bo\u010dnim vertikalnim d\u017eepovima. Asimetri\u010dnog je kroja, naizgled sa preklopom i dekorativnim kai\u0161em kao dodatkom. Izra\u0111ena je od tri boje fine sand-washed svile.<\/p>\n","protected":false},"featured_media":13893,"template":"","meta":[],"_links":{"self":[{"href":"https:\/\/www.milenadunic.com\/sr\/wp-json\/wp\/v2\/product\/14078"}],"collection":[{"href":"https:\/\/www.milenadunic.com\/sr\/wp-json\/wp\/v2\/product"}],"about":[{"href":"https:\/\/www.milenadunic.com\/sr\/wp-json\/wp\/v2\/types\/product"}],"wp:featuredmedia":[{"embeddable":true,"href":"https:\/\/www.milenadunic.com\/sr\/wp-json\/wp\/v2\/media\/13893"}],"wp:attachment":[{"href":"https:\/\/www.milenadunic.com\/sr\/wp-json\/wp\/v2\/media?parent=14078"}],"curies":[{"name":"wp","href":"https:\/\/api.w.org\/{rel}","templated":true}]}}