{"id":14070,"date":"2021-07-06T09:41:10","date_gmt":"2021-07-06T09:41:10","guid":{"rendered":"https:\/\/www.milenadunic.com\/shop\/rosalia\/"},"modified":"2021-07-06T13:05:01","modified_gmt":"2021-07-06T13:05:01","slug":"rosalia","status":"publish","type":"product","link":"https:\/\/www.milenadunic.com\/sr\/kolekcija\/rosalia\/","title":{"rendered":"Rosalia"},"content":{"rendered":"","protected":false},"excerpt":{"rendered":"<p>Rosalia je haljina A-kroja sa jako blagim \u0161irenjem na dole. Ima okrugli vratni izrez sa ukrasnim presvu\u010denim dugmetom pozadi. Izra\u0111ena je od tvil svile sa animal i cvetnim printom. Postava je tako\u0111e svila.<\/p>\n","protected":false},"featured_media":13919,"template":"","meta":[],"_links":{"self":[{"href":"https:\/\/www.milenadunic.com\/sr\/wp-json\/wp\/v2\/product\/14070"}],"collection":[{"href":"https:\/\/www.milenadunic.com\/sr\/wp-json\/wp\/v2\/product"}],"about":[{"href":"https:\/\/www.milenadunic.com\/sr\/wp-json\/wp\/v2\/types\/product"}],"wp:featuredmedia":[{"embeddable":true,"href":"https:\/\/www.milenadunic.com\/sr\/wp-json\/wp\/v2\/media\/13919"}],"wp:attachment":[{"href":"https:\/\/www.milenadunic.com\/sr\/wp-json\/wp\/v2\/media?parent=14070"}],"curies":[{"name":"wp","href":"https:\/\/api.w.org\/{rel}","templated":true}]}}