{"id":14061,"date":"2021-07-06T09:42:23","date_gmt":"2021-07-06T09:42:23","guid":{"rendered":"https:\/\/www.milenadunic.com\/shop\/macalda\/"},"modified":"2021-07-06T13:04:22","modified_gmt":"2021-07-06T13:04:22","slug":"macalda","status":"publish","type":"product","link":"https:\/\/www.milenadunic.com\/sr\/kolekcija\/macalda\/","title":{"rendered":"Macalda"},"content":{"rendered":"","protected":false},"excerpt":{"rendered":"<p>Macalda je haljina A-kroja sa jako blagim \u0161irenjem na dole. Ima okrugli vratni izrez sa ukrasnim presvu\u010denim dugmetom pozadi. Izra\u0111ena je od krep svile sa motivima Sicilije. Postava je tako\u0111e napravljena od svile.<\/p>\n","protected":false},"featured_media":13952,"template":"","meta":[],"_links":{"self":[{"href":"https:\/\/www.milenadunic.com\/sr\/wp-json\/wp\/v2\/product\/14061"}],"collection":[{"href":"https:\/\/www.milenadunic.com\/sr\/wp-json\/wp\/v2\/product"}],"about":[{"href":"https:\/\/www.milenadunic.com\/sr\/wp-json\/wp\/v2\/types\/product"}],"wp:featuredmedia":[{"embeddable":true,"href":"https:\/\/www.milenadunic.com\/sr\/wp-json\/wp\/v2\/media\/13952"}],"wp:attachment":[{"href":"https:\/\/www.milenadunic.com\/sr\/wp-json\/wp\/v2\/media?parent=14061"}],"curies":[{"name":"wp","href":"https:\/\/api.w.org\/{rel}","templated":true}]}}