{"id":14038,"date":"2021-07-06T09:46:47","date_gmt":"2021-07-06T09:46:47","guid":{"rendered":"https:\/\/www.milenadunic.com\/shop\/cucurbita\/"},"modified":"2021-07-06T13:03:17","modified_gmt":"2021-07-06T13:03:17","slug":"cucurbita","status":"publish","type":"product","link":"https:\/\/www.milenadunic.com\/sr\/kolekcija\/cucurbita\/","title":{"rendered":"Cucurbita"},"content":{"rendered":"","protected":false},"excerpt":{"rendered":"<p>Cucurbita je lagana haljina od dezenirane svile. Ravnog kroja, sa dubokim V izrezom na le\u0111ima, ukrasnom tra\u010dicom za vezivanje i vertikalnim d\u017eepovima.<\/p>\n","protected":false},"featured_media":13995,"template":"","meta":[],"_links":{"self":[{"href":"https:\/\/www.milenadunic.com\/sr\/wp-json\/wp\/v2\/product\/14038"}],"collection":[{"href":"https:\/\/www.milenadunic.com\/sr\/wp-json\/wp\/v2\/product"}],"about":[{"href":"https:\/\/www.milenadunic.com\/sr\/wp-json\/wp\/v2\/types\/product"}],"wp:featuredmedia":[{"embeddable":true,"href":"https:\/\/www.milenadunic.com\/sr\/wp-json\/wp\/v2\/media\/13995"}],"wp:attachment":[{"href":"https:\/\/www.milenadunic.com\/sr\/wp-json\/wp\/v2\/media?parent=14038"}],"curies":[{"name":"wp","href":"https:\/\/api.w.org\/{rel}","templated":true}]}}