{"id":14032,"date":"2021-07-06T09:47:39","date_gmt":"2021-07-06T09:47:39","guid":{"rendered":"https:\/\/www.milenadunic.com\/shop\/luna\/"},"modified":"2022-02-08T20:49:40","modified_gmt":"2022-02-08T20:49:40","slug":"luna","status":"publish","type":"product","link":"https:\/\/www.milenadunic.com\/sr\/kolekcija\/luna\/","title":{"rendered":"Luna"},"content":{"rendered":"","protected":false},"excerpt":{"rendered":"<p>Luna je lagana haljina od dezeniranog pamuka. Ravnog kroja, sa dubokim V izrezom na le\u0111ima, ukrasnom tra\u010dicom za vezivanje i vertikalnim d\u017eepovima. <\/p>\n","protected":false},"featured_media":14487,"template":"","meta":[],"_links":{"self":[{"href":"https:\/\/www.milenadunic.com\/sr\/wp-json\/wp\/v2\/product\/14032"}],"collection":[{"href":"https:\/\/www.milenadunic.com\/sr\/wp-json\/wp\/v2\/product"}],"about":[{"href":"https:\/\/www.milenadunic.com\/sr\/wp-json\/wp\/v2\/types\/product"}],"wp:featuredmedia":[{"embeddable":true,"href":"https:\/\/www.milenadunic.com\/sr\/wp-json\/wp\/v2\/media\/14487"}],"wp:attachment":[{"href":"https:\/\/www.milenadunic.com\/sr\/wp-json\/wp\/v2\/media?parent=14032"}],"curies":[{"name":"wp","href":"https:\/\/api.w.org\/{rel}","templated":true}]}}