{"id":13333,"date":"2020-11-29T22:04:30","date_gmt":"2020-11-29T22:04:30","guid":{"rendered":"https:\/\/milenadunic.com\/shop\/ekler\/"},"modified":"2020-11-30T21:09:54","modified_gmt":"2020-11-30T21:09:54","slug":"ekler","status":"publish","type":"product","link":"https:\/\/www.milenadunic.com\/sr\/kolekcija\/ekler\/","title":{"rendered":"Ekler"},"content":{"rendered":"","protected":false},"excerpt":{"rendered":"<p>Ekler je strukirana haljina ovalnog vratnog izreza. Dugi rukavi su nabrani na ivicama, a sa leve strane suknje nalazi se \u0161lic. Izra\u0111ena je od \u017eerseja sa transparentnim delovima i bele viskozne postave.<\/p>\n","protected":false},"featured_media":12558,"template":"","meta":[],"_links":{"self":[{"href":"https:\/\/www.milenadunic.com\/sr\/wp-json\/wp\/v2\/product\/13333"}],"collection":[{"href":"https:\/\/www.milenadunic.com\/sr\/wp-json\/wp\/v2\/product"}],"about":[{"href":"https:\/\/www.milenadunic.com\/sr\/wp-json\/wp\/v2\/types\/product"}],"wp:featuredmedia":[{"embeddable":true,"href":"https:\/\/www.milenadunic.com\/sr\/wp-json\/wp\/v2\/media\/12558"}],"wp:attachment":[{"href":"https:\/\/www.milenadunic.com\/sr\/wp-json\/wp\/v2\/media?parent=13333"}],"curies":[{"name":"wp","href":"https:\/\/api.w.org\/{rel}","templated":true}]}}