{"id":13331,"date":"2020-11-29T22:04:30","date_gmt":"2020-11-29T22:04:30","guid":{"rendered":"https:\/\/milenadunic.com\/shop\/cho\/"},"modified":"2023-09-22T11:52:54","modified_gmt":"2023-09-22T11:52:54","slug":"cho","status":"publish","type":"product","link":"https:\/\/www.milenadunic.com\/sr\/kolekcija\/cho\/","title":{"rendered":"Cho"},"content":{"rendered":"","protected":false},"excerpt":{"rendered":"<p>Cho je haljina asimetri\u010dnog A-kroja, sa puf rukavima i V vratnim izrezom. Izra\u0111ena je od svetlucavog angora \u017eerseja razli\u010ditih dezena.<\/p>\n","protected":false},"featured_media":12543,"template":"","meta":[],"_links":{"self":[{"href":"https:\/\/www.milenadunic.com\/sr\/wp-json\/wp\/v2\/product\/13331"}],"collection":[{"href":"https:\/\/www.milenadunic.com\/sr\/wp-json\/wp\/v2\/product"}],"about":[{"href":"https:\/\/www.milenadunic.com\/sr\/wp-json\/wp\/v2\/types\/product"}],"wp:featuredmedia":[{"embeddable":true,"href":"https:\/\/www.milenadunic.com\/sr\/wp-json\/wp\/v2\/media\/12543"}],"wp:attachment":[{"href":"https:\/\/www.milenadunic.com\/sr\/wp-json\/wp\/v2\/media?parent=13331"}],"curies":[{"name":"wp","href":"https:\/\/api.w.org\/{rel}","templated":true}]}}