{"id":13325,"date":"2020-11-29T22:04:30","date_gmt":"2020-11-29T22:04:30","guid":{"rendered":"https:\/\/milenadunic.com\/shop\/bagira\/"},"modified":"2023-10-03T09:30:56","modified_gmt":"2023-10-03T09:30:56","slug":"bagira","status":"publish","type":"product","link":"https:\/\/www.milenadunic.com\/sr\/kolekcija\/bagira\/","title":{"rendered":"Bagira"},"content":{"rendered":"","protected":false},"excerpt":{"rendered":"<p>Bagira je strukirana haljina dugih rukava. Vratni izrez polurolke ukra\u0161en je \u0161al-trakom koja slobodno pada sa jedne strane. Izra\u0111ena je od dezenirane viskoze boje zlata.<\/p>\n","protected":false},"featured_media":12533,"template":"","meta":[],"_links":{"self":[{"href":"https:\/\/www.milenadunic.com\/sr\/wp-json\/wp\/v2\/product\/13325"}],"collection":[{"href":"https:\/\/www.milenadunic.com\/sr\/wp-json\/wp\/v2\/product"}],"about":[{"href":"https:\/\/www.milenadunic.com\/sr\/wp-json\/wp\/v2\/types\/product"}],"wp:featuredmedia":[{"embeddable":true,"href":"https:\/\/www.milenadunic.com\/sr\/wp-json\/wp\/v2\/media\/12533"}],"wp:attachment":[{"href":"https:\/\/www.milenadunic.com\/sr\/wp-json\/wp\/v2\/media?parent=13325"}],"curies":[{"name":"wp","href":"https:\/\/api.w.org\/{rel}","templated":true}]}}