{"id":13323,"date":"2020-11-29T22:04:30","date_gmt":"2020-11-29T22:04:30","guid":{"rendered":"https:\/\/milenadunic.com\/shop\/azzurra\/"},"modified":"2020-11-30T21:09:19","modified_gmt":"2020-11-30T21:09:19","slug":"azzurra","status":"publish","type":"product","link":"https:\/\/www.milenadunic.com\/sr\/kolekcija\/azzurra\/","title":{"rendered":"Azzurra"},"content":{"rendered":"","protected":false},"excerpt":{"rendered":"<p>Azzurra je haljina asimetri\u010dnog A-kroja, sa puf rukavima i V vratnim izrezom. Izra\u0111ena je od angora \u017eerseja razli\u010ditih dezena.<\/p>\n","protected":false},"featured_media":12524,"template":"","meta":[],"_links":{"self":[{"href":"https:\/\/www.milenadunic.com\/sr\/wp-json\/wp\/v2\/product\/13323"}],"collection":[{"href":"https:\/\/www.milenadunic.com\/sr\/wp-json\/wp\/v2\/product"}],"about":[{"href":"https:\/\/www.milenadunic.com\/sr\/wp-json\/wp\/v2\/types\/product"}],"wp:featuredmedia":[{"embeddable":true,"href":"https:\/\/www.milenadunic.com\/sr\/wp-json\/wp\/v2\/media\/12524"}],"wp:attachment":[{"href":"https:\/\/www.milenadunic.com\/sr\/wp-json\/wp\/v2\/media?parent=13323"}],"curies":[{"name":"wp","href":"https:\/\/api.w.org\/{rel}","templated":true}]}}