{"id":13317,"date":"2020-11-29T22:04:30","date_gmt":"2020-11-29T22:04:30","guid":{"rendered":"https:\/\/milenadunic.com\/shop\/ava\/"},"modified":"2020-11-30T21:09:15","modified_gmt":"2020-11-30T21:09:15","slug":"ava","status":"publish","type":"product","link":"https:\/\/www.milenadunic.com\/sr\/kolekcija\/ava\/","title":{"rendered":"Ava"},"content":{"rendered":"","protected":false},"excerpt":{"rendered":"<p>Ava je strukirana haljina ovalnog vratnog izreza. Dugi rukavi su nabrani na ivicama, a sa leve strane suknje nalazi se \u0161lic. Izra\u0111ena je od lamiranog \u017eerseja bronzane boje.<\/p>\n","protected":false},"featured_media":12512,"template":"","meta":[],"_links":{"self":[{"href":"https:\/\/www.milenadunic.com\/sr\/wp-json\/wp\/v2\/product\/13317"}],"collection":[{"href":"https:\/\/www.milenadunic.com\/sr\/wp-json\/wp\/v2\/product"}],"about":[{"href":"https:\/\/www.milenadunic.com\/sr\/wp-json\/wp\/v2\/types\/product"}],"wp:featuredmedia":[{"embeddable":true,"href":"https:\/\/www.milenadunic.com\/sr\/wp-json\/wp\/v2\/media\/12512"}],"wp:attachment":[{"href":"https:\/\/www.milenadunic.com\/sr\/wp-json\/wp\/v2\/media?parent=13317"}],"curies":[{"name":"wp","href":"https:\/\/api.w.org\/{rel}","templated":true}]}}