{"id":13315,"date":"2020-11-29T22:04:30","date_gmt":"2020-11-29T22:04:30","guid":{"rendered":"https:\/\/milenadunic.com\/shop\/angelina\/"},"modified":"2020-11-30T21:09:12","modified_gmt":"2020-11-30T21:09:12","slug":"angelina","status":"publish","type":"product","link":"https:\/\/www.milenadunic.com\/sr\/kolekcija\/angelina\/","title":{"rendered":"Angelina"},"content":{"rendered":"","protected":false},"excerpt":{"rendered":"<p>Angelina je haljina A-kroja sa dugim rukavima. Vratni izrez polurolke ukra\u0161en je \u0161al-trakom koja slobodno pada sa jedne strane. Izra\u0111ena je od roze \u017eerseja sa sitnim tufnicama.<\/p>\n","protected":false},"featured_media":13460,"template":"","meta":[],"_links":{"self":[{"href":"https:\/\/www.milenadunic.com\/sr\/wp-json\/wp\/v2\/product\/13315"}],"collection":[{"href":"https:\/\/www.milenadunic.com\/sr\/wp-json\/wp\/v2\/product"}],"about":[{"href":"https:\/\/www.milenadunic.com\/sr\/wp-json\/wp\/v2\/types\/product"}],"wp:featuredmedia":[{"embeddable":true,"href":"https:\/\/www.milenadunic.com\/sr\/wp-json\/wp\/v2\/media\/13460"}],"wp:attachment":[{"href":"https:\/\/www.milenadunic.com\/sr\/wp-json\/wp\/v2\/media?parent=13315"}],"curies":[{"name":"wp","href":"https:\/\/api.w.org\/{rel}","templated":true}]}}