{"id":13305,"date":"2020-11-29T22:04:31","date_gmt":"2020-11-29T22:04:31","guid":{"rendered":"https:\/\/milenadunic.com\/shop\/hardy\/"},"modified":"2021-05-09T23:04:34","modified_gmt":"2021-05-09T23:04:34","slug":"hardy","status":"publish","type":"product","link":"https:\/\/www.milenadunic.com\/sr\/kolekcija\/hardy\/","title":{"rendered":"Hardy"},"content":{"rendered":"","protected":false},"excerpt":{"rendered":"<p>Hardy je strukirana haljina sa godet donjim delom i puf rukavima. Okrugli vratni izrez je ukra\u0161en vidljivim u\u0161itcima. Izra\u0111ena je od jednobojne trevire.<\/p>\n","protected":false},"featured_media":12578,"template":"","meta":[],"_links":{"self":[{"href":"https:\/\/www.milenadunic.com\/sr\/wp-json\/wp\/v2\/product\/13305"}],"collection":[{"href":"https:\/\/www.milenadunic.com\/sr\/wp-json\/wp\/v2\/product"}],"about":[{"href":"https:\/\/www.milenadunic.com\/sr\/wp-json\/wp\/v2\/types\/product"}],"wp:featuredmedia":[{"embeddable":true,"href":"https:\/\/www.milenadunic.com\/sr\/wp-json\/wp\/v2\/media\/12578"}],"wp:attachment":[{"href":"https:\/\/www.milenadunic.com\/sr\/wp-json\/wp\/v2\/media?parent=13305"}],"curies":[{"name":"wp","href":"https:\/\/api.w.org\/{rel}","templated":true}]}}