{"id":13299,"date":"2020-11-29T22:05:03","date_gmt":"2020-11-29T22:05:03","guid":{"rendered":"https:\/\/milenadunic.com\/shop\/glummy\/"},"modified":"2023-04-24T10:15:27","modified_gmt":"2023-04-24T10:15:27","slug":"glummy","status":"publish","type":"product","link":"https:\/\/www.milenadunic.com\/sr\/kolekcija\/glummy\/","title":{"rendered":"Glummy"},"content":{"rendered":"","protected":false},"excerpt":{"rendered":"<p>Glummy je strukirana haljina ovalnog vratnog izreza. Dugi rukavi su nabrani na ivicama, a sa leve strane suknje nalazi se \u0161lic. Izra\u0111ena je od lamiranog \u017eerseja puder roze boje i roze postave takodje od \u017eerseja.<\/p>\n","protected":false},"featured_media":12603,"template":"","meta":[],"_links":{"self":[{"href":"https:\/\/www.milenadunic.com\/sr\/wp-json\/wp\/v2\/product\/13299"}],"collection":[{"href":"https:\/\/www.milenadunic.com\/sr\/wp-json\/wp\/v2\/product"}],"about":[{"href":"https:\/\/www.milenadunic.com\/sr\/wp-json\/wp\/v2\/types\/product"}],"wp:featuredmedia":[{"embeddable":true,"href":"https:\/\/www.milenadunic.com\/sr\/wp-json\/wp\/v2\/media\/12603"}],"wp:attachment":[{"href":"https:\/\/www.milenadunic.com\/sr\/wp-json\/wp\/v2\/media?parent=13299"}],"curies":[{"name":"wp","href":"https:\/\/api.w.org\/{rel}","templated":true}]}}