{"id":13293,"date":"2020-11-29T22:05:33","date_gmt":"2020-11-29T22:05:33","guid":{"rendered":"https:\/\/milenadunic.com\/shop\/hedviga\/"},"modified":"2020-11-30T21:08:55","modified_gmt":"2020-11-30T21:08:55","slug":"hedviga","status":"publish","type":"product","link":"https:\/\/www.milenadunic.com\/sr\/kolekcija\/hedviga\/","title":{"rendered":"Hedviga"},"content":{"rendered":"","protected":false},"excerpt":{"rendered":"<p>Hedviga je haljina H-kroja, sa rolka upletenim izrezom i rukavima koji se blago \u0161ire. Izra\u0111ena je od punijeg \u017eerseja karo dezena.<\/p>\n","protected":false},"featured_media":12616,"template":"","meta":[],"_links":{"self":[{"href":"https:\/\/www.milenadunic.com\/sr\/wp-json\/wp\/v2\/product\/13293"}],"collection":[{"href":"https:\/\/www.milenadunic.com\/sr\/wp-json\/wp\/v2\/product"}],"about":[{"href":"https:\/\/www.milenadunic.com\/sr\/wp-json\/wp\/v2\/types\/product"}],"wp:featuredmedia":[{"embeddable":true,"href":"https:\/\/www.milenadunic.com\/sr\/wp-json\/wp\/v2\/media\/12616"}],"wp:attachment":[{"href":"https:\/\/www.milenadunic.com\/sr\/wp-json\/wp\/v2\/media?parent=13293"}],"curies":[{"name":"wp","href":"https:\/\/api.w.org\/{rel}","templated":true}]}}