{"id":13288,"date":"2020-11-29T22:06:03","date_gmt":"2020-11-29T22:06:03","guid":{"rendered":"https:\/\/milenadunic.com\/shop\/hermiona\/"},"modified":"2021-02-01T16:49:21","modified_gmt":"2021-02-01T16:49:21","slug":"hermiona","status":"publish","type":"product","link":"https:\/\/www.milenadunic.com\/sr\/kolekcija\/hermiona\/","title":{"rendered":"Hermiona"},"content":{"rendered":"","protected":false},"excerpt":{"rendered":"<p>Hermiona je haljina H-kroja, sa rolka upletenim izrezom i rukavima koji se blago \u0161ire. Izra\u0111ena je od punijeg \u017eerseja karo dezena.<\/p>\n","protected":false},"featured_media":12627,"template":"","meta":[],"_links":{"self":[{"href":"https:\/\/www.milenadunic.com\/sr\/wp-json\/wp\/v2\/product\/13288"}],"collection":[{"href":"https:\/\/www.milenadunic.com\/sr\/wp-json\/wp\/v2\/product"}],"about":[{"href":"https:\/\/www.milenadunic.com\/sr\/wp-json\/wp\/v2\/types\/product"}],"wp:featuredmedia":[{"embeddable":true,"href":"https:\/\/www.milenadunic.com\/sr\/wp-json\/wp\/v2\/media\/12627"}],"wp:attachment":[{"href":"https:\/\/www.milenadunic.com\/sr\/wp-json\/wp\/v2\/media?parent=13288"}],"curies":[{"name":"wp","href":"https:\/\/api.w.org\/{rel}","templated":true}]}}