{"id":13286,"date":"2020-11-29T22:06:45","date_gmt":"2020-11-29T22:06:45","guid":{"rendered":"https:\/\/milenadunic.com\/shop\/onodela\/"},"modified":"2020-12-15T11:53:55","modified_gmt":"2020-12-15T11:53:55","slug":"onodela","status":"publish","type":"product","link":"https:\/\/www.milenadunic.com\/sr\/kolekcija\/onodela\/","title":{"rendered":"Onodela"},"content":{"rendered":"","protected":false},"excerpt":{"rendered":"<p>Onodela je haljina H-kroja ovalnog vratnog izreza. Izra\u0111ena je od kombinacije materijala, buklea i vune. Poseban detalj je komad pirotskog \u0107ilima koji je izradila zadruga Damsko srce. Prika\u010den je metalnim patent zatvara\u010dima i neophodno je skinuti ga pre svakog pranja. Tradicija tkanja pirotskog \u0107ilima je stara pet vekova. Svaka \u0161ara ima svoj vekovni simbol i zna\u010denje. Motiv ovog komada je Ra\u0161i\u0107eva \u0161ara, a u nastavku mo\u017eete pro\u010ditati tuma\u010denje koji potpisuje Slavica \u0106iri\u0107, direktorka Damskog srca: Oni koji imaju ovu \u0161aru, napredova\u0107e u svim oblastima \u017eivota i stalno \u0107e imati neki razlog za slavlje. Postiza\u0107e rezultate koji \u0107e biti zapa\u017eeni, vrednovani i nagra\u0111ivani. Uz haljinu se dobija i sertifikat o originalnosti komada pirotskog \u0107ilima.<\/p>\n","protected":false},"featured_media":12662,"template":"","meta":[],"_links":{"self":[{"href":"https:\/\/www.milenadunic.com\/sr\/wp-json\/wp\/v2\/product\/13286"}],"collection":[{"href":"https:\/\/www.milenadunic.com\/sr\/wp-json\/wp\/v2\/product"}],"about":[{"href":"https:\/\/www.milenadunic.com\/sr\/wp-json\/wp\/v2\/types\/product"}],"wp:featuredmedia":[{"embeddable":true,"href":"https:\/\/www.milenadunic.com\/sr\/wp-json\/wp\/v2\/media\/12662"}],"wp:attachment":[{"href":"https:\/\/www.milenadunic.com\/sr\/wp-json\/wp\/v2\/media?parent=13286"}],"curies":[{"name":"wp","href":"https:\/\/api.w.org\/{rel}","templated":true}]}}