{"id":13284,"date":"2020-11-29T22:06:45","date_gmt":"2020-11-29T22:06:45","guid":{"rendered":"https:\/\/milenadunic.com\/shop\/jega\/"},"modified":"2020-11-30T21:07:24","modified_gmt":"2020-11-30T21:07:24","slug":"jega","status":"publish","type":"product","link":"https:\/\/www.milenadunic.com\/sr\/kolekcija\/jega\/","title":{"rendered":"Jega"},"content":{"rendered":"","protected":false},"excerpt":{"rendered":"<p>Jega je haljina H-kroja ovalnog vratnog izreza. Izra\u0111ena je od kombinacije materijala, buklea i vune. Poseban detalj je komad pirotskog \u0107ilima koji je izradila zadruga Damsko srce. Prika\u010den je metalnim patent zatvara\u010dima i neophodno je skinuti ga pre svakog pranja. Tradicija tkanja pirotskog \u0107ilima je stara pet vekova. Svaka \u0161ara ima svoj vekovni simbol i zna\u010denje. Motiv ovog komada je Gugutka na vra\u0161ko koleno, a u nastavku mo\u017eete pro\u010ditati tuma\u010denje koji potpisuje Slavica \u0106iri\u0107, direktorka Damskog srca: Gugutka donosi radost i sre\u0107u u domu, a dom ste vi. Vra\u0161ko koleno je simbol \u010doveka u kolu \u017eivota. Gugutka na vra\u0161ko koleno je \u0161ara pirotskog \u0107ilima koja se poklanja za sre\u0107an po\u010detak, za\u0161titu i uspeh. Vra\u0161ka kolena otklanjaju negativnu energiju iz okru\u017eenja i ne dozvoljavaju da se vlasniku \u010dini nepravda niti bilo kakvo zlo. Legenda ka\u017ee da \u0107e \u0161ara svakom onom ko sa lo\u0161im namerama krenem prema vama, na putu do Va\u0161e ku\u0107e, slomiti nogu, koleno. Zaustavlja\u0107e lo\u0161e re\u010di i dela i ne\u0107e dozvoliti da Vam se nanosi nepravda i zlo. Uz haljinu se dobija i sertifikat o originalnosti komada Pirotskog \u0107ilima.<\/p>\n","protected":false},"featured_media":12651,"template":"","meta":[],"_links":{"self":[{"href":"https:\/\/www.milenadunic.com\/sr\/wp-json\/wp\/v2\/product\/13284"}],"collection":[{"href":"https:\/\/www.milenadunic.com\/sr\/wp-json\/wp\/v2\/product"}],"about":[{"href":"https:\/\/www.milenadunic.com\/sr\/wp-json\/wp\/v2\/types\/product"}],"wp:featuredmedia":[{"embeddable":true,"href":"https:\/\/www.milenadunic.com\/sr\/wp-json\/wp\/v2\/media\/12651"}],"wp:attachment":[{"href":"https:\/\/www.milenadunic.com\/sr\/wp-json\/wp\/v2\/media?parent=13284"}],"curies":[{"name":"wp","href":"https:\/\/api.w.org\/{rel}","templated":true}]}}