{"id":13276,"date":"2020-11-29T22:07:42","date_gmt":"2020-11-29T22:07:42","guid":{"rendered":"https:\/\/milenadunic.com\/shop\/plima\/"},"modified":"2020-11-30T21:07:15","modified_gmt":"2020-11-30T21:07:15","slug":"plima","status":"publish","type":"product","link":"https:\/\/www.milenadunic.com\/sr\/kolekcija\/plima\/","title":{"rendered":"Plima"},"content":{"rendered":"","protected":false},"excerpt":{"rendered":"<p>Plima je strukirana haljina sa drapiranim vratnim izrezom. Donji deo koji se \u0161iri pozadi se zavr\u0161ava \u0161lepom, dok je napred centralno pozicioniran duboki \u0161lic. Izra\u0111ena je od punijeg satena mat sjaja.<\/p>\n","protected":false},"featured_media":12701,"template":"","meta":[],"_links":{"self":[{"href":"https:\/\/www.milenadunic.com\/sr\/wp-json\/wp\/v2\/product\/13276"}],"collection":[{"href":"https:\/\/www.milenadunic.com\/sr\/wp-json\/wp\/v2\/product"}],"about":[{"href":"https:\/\/www.milenadunic.com\/sr\/wp-json\/wp\/v2\/types\/product"}],"wp:featuredmedia":[{"embeddable":true,"href":"https:\/\/www.milenadunic.com\/sr\/wp-json\/wp\/v2\/media\/12701"}],"wp:attachment":[{"href":"https:\/\/www.milenadunic.com\/sr\/wp-json\/wp\/v2\/media?parent=13276"}],"curies":[{"name":"wp","href":"https:\/\/api.w.org\/{rel}","templated":true}]}}