{"id":13259,"date":"2020-11-29T22:08:33","date_gmt":"2020-11-29T22:08:33","guid":{"rendered":"https:\/\/milenadunic.com\/shop\/polly\/"},"modified":"2020-11-30T21:06:56","modified_gmt":"2020-11-30T21:06:56","slug":"polly","status":"publish","type":"product","link":"https:\/\/www.milenadunic.com\/sr\/kolekcija\/polly\/","title":{"rendered":"Polly"},"content":{"rendered":"","protected":false},"excerpt":{"rendered":"<p>Polly je haljina A-kroja sa dugim rukavima. Vratni izrez polurolke ukra\u0161en je \u0161al-trakom koja slobodno pada sa jedne strane. Izra\u0111ena je od svetlucavih angora \u017eerseja razli\u010ditih dezena.<\/p>\n","protected":false},"featured_media":12757,"template":"","meta":[],"_links":{"self":[{"href":"https:\/\/www.milenadunic.com\/sr\/wp-json\/wp\/v2\/product\/13259"}],"collection":[{"href":"https:\/\/www.milenadunic.com\/sr\/wp-json\/wp\/v2\/product"}],"about":[{"href":"https:\/\/www.milenadunic.com\/sr\/wp-json\/wp\/v2\/types\/product"}],"wp:featuredmedia":[{"embeddable":true,"href":"https:\/\/www.milenadunic.com\/sr\/wp-json\/wp\/v2\/media\/12757"}],"wp:attachment":[{"href":"https:\/\/www.milenadunic.com\/sr\/wp-json\/wp\/v2\/media?parent=13259"}],"curies":[{"name":"wp","href":"https:\/\/api.w.org\/{rel}","templated":true}]}}