{"id":13253,"date":"2020-11-29T22:09:22","date_gmt":"2020-11-29T22:09:22","guid":{"rendered":"https:\/\/milenadunic.com\/shop\/pompidou\/"},"modified":"2020-11-30T21:04:56","modified_gmt":"2020-11-30T21:04:56","slug":"pompidou","status":"publish","type":"product","link":"https:\/\/www.milenadunic.com\/sr\/kolekcija\/pompidou\/","title":{"rendered":"Pompidou"},"content":{"rendered":"","protected":false},"excerpt":{"rendered":"<p>Pompidou je haljina A-kroja sa dugim rukavima. Vratni izrez polurolke ukra\u0161en je \u0161al-trakom koja slobodno pada sa jedne strane. Izra\u0111ena je od svetlucavih angora \u017eerseja razli\u010ditih dezena.<\/p>\n","protected":false},"featured_media":12776,"template":"","meta":[],"_links":{"self":[{"href":"https:\/\/www.milenadunic.com\/sr\/wp-json\/wp\/v2\/product\/13253"}],"collection":[{"href":"https:\/\/www.milenadunic.com\/sr\/wp-json\/wp\/v2\/product"}],"about":[{"href":"https:\/\/www.milenadunic.com\/sr\/wp-json\/wp\/v2\/types\/product"}],"wp:featuredmedia":[{"embeddable":true,"href":"https:\/\/www.milenadunic.com\/sr\/wp-json\/wp\/v2\/media\/12776"}],"wp:attachment":[{"href":"https:\/\/www.milenadunic.com\/sr\/wp-json\/wp\/v2\/media?parent=13253"}],"curies":[{"name":"wp","href":"https:\/\/api.w.org\/{rel}","templated":true}]}}