{"id":13247,"date":"2020-11-29T22:10:11","date_gmt":"2020-11-29T22:10:11","guid":{"rendered":"https:\/\/milenadunic.com\/shop\/sargan\/"},"modified":"2020-11-30T21:04:53","modified_gmt":"2020-11-30T21:04:53","slug":"sargan","status":"publish","type":"product","link":"https:\/\/www.milenadunic.com\/sr\/kolekcija\/sargan\/","title":{"rendered":"\u0160argan"},"content":{"rendered":"","protected":false},"excerpt":{"rendered":"<p>\u0160argan je haljina H-kroja, sa rolka upletenim izrezom i rukavima koji se blago \u0161ire. Izra\u0111ena je od punijeg \u017eerseja reljefne teksture.<\/p>\n","protected":false},"featured_media":12792,"template":"","meta":[],"_links":{"self":[{"href":"https:\/\/www.milenadunic.com\/sr\/wp-json\/wp\/v2\/product\/13247"}],"collection":[{"href":"https:\/\/www.milenadunic.com\/sr\/wp-json\/wp\/v2\/product"}],"about":[{"href":"https:\/\/www.milenadunic.com\/sr\/wp-json\/wp\/v2\/types\/product"}],"wp:featuredmedia":[{"embeddable":true,"href":"https:\/\/www.milenadunic.com\/sr\/wp-json\/wp\/v2\/media\/12792"}],"wp:attachment":[{"href":"https:\/\/www.milenadunic.com\/sr\/wp-json\/wp\/v2\/media?parent=13247"}],"curies":[{"name":"wp","href":"https:\/\/api.w.org\/{rel}","templated":true}]}}