{"id":13237,"date":"2020-11-29T22:11:17","date_gmt":"2020-11-29T22:11:17","guid":{"rendered":"https:\/\/milenadunic.com\/shop\/mamba\/"},"modified":"2020-11-30T21:04:40","modified_gmt":"2020-11-30T21:04:40","slug":"mamba","status":"publish","type":"product","link":"https:\/\/www.milenadunic.com\/sr\/kolekcija\/mamba\/","title":{"rendered":"Mamba"},"content":{"rendered":"","protected":false},"excerpt":{"rendered":"<p>Mamba je haljina A-kroja sa dugim rukavima. Vratni izrez polurolke ukra\u0161en je \u0161al-trakom koja slobodno pada sa jedne strane. Izra\u0111ena je od svetlucavih angora \u017eerseja razli\u010ditih dezena.<\/p>\n","protected":false},"featured_media":12831,"template":"","meta":[],"_links":{"self":[{"href":"https:\/\/www.milenadunic.com\/sr\/wp-json\/wp\/v2\/product\/13237"}],"collection":[{"href":"https:\/\/www.milenadunic.com\/sr\/wp-json\/wp\/v2\/product"}],"about":[{"href":"https:\/\/www.milenadunic.com\/sr\/wp-json\/wp\/v2\/types\/product"}],"wp:featuredmedia":[{"embeddable":true,"href":"https:\/\/www.milenadunic.com\/sr\/wp-json\/wp\/v2\/media\/12831"}],"wp:attachment":[{"href":"https:\/\/www.milenadunic.com\/sr\/wp-json\/wp\/v2\/media?parent=13237"}],"curies":[{"name":"wp","href":"https:\/\/api.w.org\/{rel}","templated":true}]}}