{"id":13235,"date":"2020-11-29T22:11:17","date_gmt":"2020-11-29T22:11:17","guid":{"rendered":"https:\/\/milenadunic.com\/shop\/modesty\/"},"modified":"2020-11-30T21:04:36","modified_gmt":"2020-11-30T21:04:36","slug":"modesty","status":"publish","type":"product","link":"https:\/\/www.milenadunic.com\/sr\/kolekcija\/modesty\/","title":{"rendered":"Modesty"},"content":{"rendered":"","protected":false},"excerpt":{"rendered":"<p>Modesty je haljina H-kroja sa vratinim izrezom polurolke, bo\u010dnim \u0161avovima blago pomerenim unapred i vertikalnim d\u017eepovima. Izra\u0111ena je od svetlucavog \u017eerseja animal dezena.<\/p>\n","protected":false},"featured_media":12818,"template":"","meta":[],"_links":{"self":[{"href":"https:\/\/www.milenadunic.com\/sr\/wp-json\/wp\/v2\/product\/13235"}],"collection":[{"href":"https:\/\/www.milenadunic.com\/sr\/wp-json\/wp\/v2\/product"}],"about":[{"href":"https:\/\/www.milenadunic.com\/sr\/wp-json\/wp\/v2\/types\/product"}],"wp:featuredmedia":[{"embeddable":true,"href":"https:\/\/www.milenadunic.com\/sr\/wp-json\/wp\/v2\/media\/12818"}],"wp:attachment":[{"href":"https:\/\/www.milenadunic.com\/sr\/wp-json\/wp\/v2\/media?parent=13235"}],"curies":[{"name":"wp","href":"https:\/\/api.w.org\/{rel}","templated":true}]}}