{"id":13217,"date":"2020-11-29T22:13:59","date_gmt":"2020-11-29T22:13:59","guid":{"rendered":"https:\/\/milenadunic.com\/shop\/la-vie-en-rose\/"},"modified":"2020-11-30T21:04:21","modified_gmt":"2020-11-30T21:04:21","slug":"la-vie-en-rose","status":"publish","type":"product","link":"https:\/\/www.milenadunic.com\/sr\/kolekcija\/la-vie-en-rose\/","title":{"rendered":"La Vie en Rose"},"content":{"rendered":"","protected":false},"excerpt":{"rendered":"<p>La Vie en Rose je haljina H-kroja sa vratinim izrezom polurolke, bo\u010dnim \u0161avovima blago pomerenim unapred i vertikalnim d\u017eepovima. Izra\u0111ena je od punijeg \u017eerseja cvetnog dezena i reljefne strukture.<\/p>\n","protected":false},"featured_media":12901,"template":"","meta":[],"_links":{"self":[{"href":"https:\/\/www.milenadunic.com\/sr\/wp-json\/wp\/v2\/product\/13217"}],"collection":[{"href":"https:\/\/www.milenadunic.com\/sr\/wp-json\/wp\/v2\/product"}],"about":[{"href":"https:\/\/www.milenadunic.com\/sr\/wp-json\/wp\/v2\/types\/product"}],"wp:featuredmedia":[{"embeddable":true,"href":"https:\/\/www.milenadunic.com\/sr\/wp-json\/wp\/v2\/media\/12901"}],"wp:attachment":[{"href":"https:\/\/www.milenadunic.com\/sr\/wp-json\/wp\/v2\/media?parent=13217"}],"curies":[{"name":"wp","href":"https:\/\/api.w.org\/{rel}","templated":true}]}}