{"id":13215,"date":"2020-11-29T22:13:59","date_gmt":"2020-11-29T22:13:59","guid":{"rendered":"https:\/\/milenadunic.com\/shop\/serpentina\/"},"modified":"2020-11-30T21:04:17","modified_gmt":"2020-11-30T21:04:17","slug":"serpentina","status":"publish","type":"product","link":"https:\/\/www.milenadunic.com\/sr\/kolekcija\/serpentina\/","title":{"rendered":"Serpentina"},"content":{"rendered":"","protected":false},"excerpt":{"rendered":"<p>Serpentina je haljina asimetri\u010dnog A-kroja, sa puf rukavima i V vratnim izrezom. Izra\u0111ena je od angora \u017eerseja razli\u010ditih dezena.<\/p>\n","protected":false},"featured_media":12892,"template":"","meta":[],"_links":{"self":[{"href":"https:\/\/www.milenadunic.com\/sr\/wp-json\/wp\/v2\/product\/13215"}],"collection":[{"href":"https:\/\/www.milenadunic.com\/sr\/wp-json\/wp\/v2\/product"}],"about":[{"href":"https:\/\/www.milenadunic.com\/sr\/wp-json\/wp\/v2\/types\/product"}],"wp:featuredmedia":[{"embeddable":true,"href":"https:\/\/www.milenadunic.com\/sr\/wp-json\/wp\/v2\/media\/12892"}],"wp:attachment":[{"href":"https:\/\/www.milenadunic.com\/sr\/wp-json\/wp\/v2\/media?parent=13215"}],"curies":[{"name":"wp","href":"https:\/\/api.w.org\/{rel}","templated":true}]}}