{"id":13213,"date":"2020-11-29T22:13:59","date_gmt":"2020-11-29T22:13:59","guid":{"rendered":"https:\/\/milenadunic.com\/shop\/rivoli\/"},"modified":"2020-11-30T21:04:12","modified_gmt":"2020-11-30T21:04:12","slug":"rivoli","status":"publish","type":"product","link":"https:\/\/www.milenadunic.com\/sr\/kolekcija\/rivoli\/","title":{"rendered":"Rivoli"},"content":{"rendered":"","protected":false},"excerpt":{"rendered":"<p>Rivoli je strukirana haljina sa blazim V izrezom napred i pozadi i ukr\u0161tenim trakama ispod grudi. Izra\u0111ena je od \u017eerseja sa pink bordurom.<\/p>\n","protected":false},"featured_media":12879,"template":"","meta":[],"_links":{"self":[{"href":"https:\/\/www.milenadunic.com\/sr\/wp-json\/wp\/v2\/product\/13213"}],"collection":[{"href":"https:\/\/www.milenadunic.com\/sr\/wp-json\/wp\/v2\/product"}],"about":[{"href":"https:\/\/www.milenadunic.com\/sr\/wp-json\/wp\/v2\/types\/product"}],"wp:featuredmedia":[{"embeddable":true,"href":"https:\/\/www.milenadunic.com\/sr\/wp-json\/wp\/v2\/media\/12879"}],"wp:attachment":[{"href":"https:\/\/www.milenadunic.com\/sr\/wp-json\/wp\/v2\/media?parent=13213"}],"curies":[{"name":"wp","href":"https:\/\/api.w.org\/{rel}","templated":true}]}}