{"id":13195,"date":"2020-11-29T22:14:51","date_gmt":"2020-11-29T22:14:51","guid":{"rendered":"https:\/\/milenadunic.com\/shop\/notr-dama\/"},"modified":"2020-11-30T21:03:58","modified_gmt":"2020-11-30T21:03:58","slug":"notr-dama","status":"publish","type":"product","link":"https:\/\/www.milenadunic.com\/sr\/kolekcija\/notr-dama\/","title":{"rendered":"Notr-dama"},"content":{"rendered":"","protected":false},"excerpt":{"rendered":"<p>Notr-dama je strukirana haljina sa godet donjim delom i puf rukavima. Okrugli vratni izrez je ukra\u0161en vidljivim u\u0161itcima. Izra\u0111ena je od jednobojne trevire.<\/p>\n","protected":false},"featured_media":12920,"template":"","meta":[],"_links":{"self":[{"href":"https:\/\/www.milenadunic.com\/sr\/wp-json\/wp\/v2\/product\/13195"}],"collection":[{"href":"https:\/\/www.milenadunic.com\/sr\/wp-json\/wp\/v2\/product"}],"about":[{"href":"https:\/\/www.milenadunic.com\/sr\/wp-json\/wp\/v2\/types\/product"}],"wp:featuredmedia":[{"embeddable":true,"href":"https:\/\/www.milenadunic.com\/sr\/wp-json\/wp\/v2\/media\/12920"}],"wp:attachment":[{"href":"https:\/\/www.milenadunic.com\/sr\/wp-json\/wp\/v2\/media?parent=13195"}],"curies":[{"name":"wp","href":"https:\/\/api.w.org\/{rel}","templated":true}]}}