{"id":13189,"date":"2020-11-29T22:15:29","date_gmt":"2020-11-29T22:15:29","guid":{"rendered":"https:\/\/milenadunic.com\/shop\/francoise\/"},"modified":"2021-07-23T16:06:48","modified_gmt":"2021-07-23T16:06:48","slug":"francoise","status":"publish","type":"product","link":"https:\/\/www.milenadunic.com\/sr\/kolekcija\/francoise\/","title":{"rendered":"Francoise"},"content":{"rendered":"","protected":false},"excerpt":{"rendered":"<p>Francoise je strukirana haljina sa godet donjim delom i puf rukavima. Okrugli vratni izrez je ukra\u0161en vidljivim u\u0161itcima. Izra\u0111ena je od jednobojne trevire.<\/p>\n","protected":false},"featured_media":12956,"template":"","meta":[],"_links":{"self":[{"href":"https:\/\/www.milenadunic.com\/sr\/wp-json\/wp\/v2\/product\/13189"}],"collection":[{"href":"https:\/\/www.milenadunic.com\/sr\/wp-json\/wp\/v2\/product"}],"about":[{"href":"https:\/\/www.milenadunic.com\/sr\/wp-json\/wp\/v2\/types\/product"}],"wp:featuredmedia":[{"embeddable":true,"href":"https:\/\/www.milenadunic.com\/sr\/wp-json\/wp\/v2\/media\/12956"}],"wp:attachment":[{"href":"https:\/\/www.milenadunic.com\/sr\/wp-json\/wp\/v2\/media?parent=13189"}],"curies":[{"name":"wp","href":"https:\/\/api.w.org\/{rel}","templated":true}]}}