{"id":13183,"date":"2020-11-29T22:15:29","date_gmt":"2020-11-29T22:15:29","guid":{"rendered":"https:\/\/milenadunic.com\/shop\/greta\/"},"modified":"2020-11-30T21:02:44","modified_gmt":"2020-11-30T21:02:44","slug":"greta","status":"publish","type":"product","link":"https:\/\/www.milenadunic.com\/sr\/kolekcija\/greta\/","title":{"rendered":"Greta"},"content":{"rendered":"","protected":false},"excerpt":{"rendered":"<p>Greta je strukirana haljina ovalnog vratnog izreza. Dugi rukavi su nabrani na ivicama, a sa leve strane suknje nalazi se \u0161lic. Izra\u0111ena je od lamirane plavo-ljubi\u010daste likre mre\u017easte teksture i viskoze be\u017e boje.<\/p>\n","protected":false},"featured_media":12943,"template":"","meta":[],"_links":{"self":[{"href":"https:\/\/www.milenadunic.com\/sr\/wp-json\/wp\/v2\/product\/13183"}],"collection":[{"href":"https:\/\/www.milenadunic.com\/sr\/wp-json\/wp\/v2\/product"}],"about":[{"href":"https:\/\/www.milenadunic.com\/sr\/wp-json\/wp\/v2\/types\/product"}],"wp:featuredmedia":[{"embeddable":true,"href":"https:\/\/www.milenadunic.com\/sr\/wp-json\/wp\/v2\/media\/12943"}],"wp:attachment":[{"href":"https:\/\/www.milenadunic.com\/sr\/wp-json\/wp\/v2\/media?parent=13183"}],"curies":[{"name":"wp","href":"https:\/\/api.w.org\/{rel}","templated":true}]}}