{"id":13175,"date":"2020-11-29T22:16:48","date_gmt":"2020-11-29T22:16:48","guid":{"rendered":"https:\/\/milenadunic.com\/shop\/nagini\/"},"modified":"2020-11-30T21:02:33","modified_gmt":"2020-11-30T21:02:33","slug":"nagini","status":"publish","type":"product","link":"https:\/\/www.milenadunic.com\/sr\/kolekcija\/nagini\/","title":{"rendered":"Nagini"},"content":{"rendered":"","protected":false},"excerpt":{"rendered":"<p>Nagini je haljina H-kroja sa vratinim izrezom polurolke, bo\u010dnim \u0161avovima blago pomerenim unapred i vertikalnim d\u017eepovima. Izra\u0111ena je od angora \u017eerseja razli\u010ditih dezena.<\/p>\n","protected":false},"featured_media":12983,"template":"","meta":[],"_links":{"self":[{"href":"https:\/\/www.milenadunic.com\/sr\/wp-json\/wp\/v2\/product\/13175"}],"collection":[{"href":"https:\/\/www.milenadunic.com\/sr\/wp-json\/wp\/v2\/product"}],"about":[{"href":"https:\/\/www.milenadunic.com\/sr\/wp-json\/wp\/v2\/types\/product"}],"wp:featuredmedia":[{"embeddable":true,"href":"https:\/\/www.milenadunic.com\/sr\/wp-json\/wp\/v2\/media\/12983"}],"wp:attachment":[{"href":"https:\/\/www.milenadunic.com\/sr\/wp-json\/wp\/v2\/media?parent=13175"}],"curies":[{"name":"wp","href":"https:\/\/api.w.org\/{rel}","templated":true}]}}