{"id":13165,"date":"2020-11-29T22:17:27","date_gmt":"2020-11-29T22:17:27","guid":{"rendered":"https:\/\/milenadunic.com\/shop\/matala\/"},"modified":"2020-11-30T21:01:42","modified_gmt":"2020-11-30T21:01:42","slug":"matala","status":"publish","type":"product","link":"https:\/\/www.milenadunic.com\/sr\/kolekcija\/matala\/","title":{"rendered":"Matala"},"content":{"rendered":"","protected":false},"excerpt":{"rendered":"<p>Matala je haljina H-kroja, sa rolka upletenim izrezom i rukavima koji se blago \u0161ire. Izra\u0111ena je od punijeg \u017eerseja sa svetlucavim nitima.<\/p>\n","protected":false},"featured_media":13003,"template":"","meta":[],"_links":{"self":[{"href":"https:\/\/www.milenadunic.com\/sr\/wp-json\/wp\/v2\/product\/13165"}],"collection":[{"href":"https:\/\/www.milenadunic.com\/sr\/wp-json\/wp\/v2\/product"}],"about":[{"href":"https:\/\/www.milenadunic.com\/sr\/wp-json\/wp\/v2\/types\/product"}],"wp:featuredmedia":[{"embeddable":true,"href":"https:\/\/www.milenadunic.com\/sr\/wp-json\/wp\/v2\/media\/13003"}],"wp:attachment":[{"href":"https:\/\/www.milenadunic.com\/sr\/wp-json\/wp\/v2\/media?parent=13165"}],"curies":[{"name":"wp","href":"https:\/\/api.w.org\/{rel}","templated":true}]}}