{"id":12090,"date":"2020-06-16T12:08:40","date_gmt":"2020-06-16T12:08:40","guid":{"rendered":"https:\/\/www.milenadunic.com\/shop\/dalija\/"},"modified":"2020-06-21T20:25:34","modified_gmt":"2020-06-21T20:25:34","slug":"dalija","status":"publish","type":"product","link":"https:\/\/www.milenadunic.com\/sr\/kolekcija\/dalija\/","title":{"rendered":"Dalija"},"content":{"rendered":"","protected":false},"excerpt":{"rendered":"<p>Dalija je haljina izra\u0111ena od tankog pamu\u010dnog materijala cvetnog dezena. A-kroja, sa \u010dvorom kao detaljem sa leve strane i \u010damac izrezom oko vrata.<\/p>\n","protected":false},"featured_media":11041,"template":"","meta":[],"_links":{"self":[{"href":"https:\/\/www.milenadunic.com\/sr\/wp-json\/wp\/v2\/product\/12090"}],"collection":[{"href":"https:\/\/www.milenadunic.com\/sr\/wp-json\/wp\/v2\/product"}],"about":[{"href":"https:\/\/www.milenadunic.com\/sr\/wp-json\/wp\/v2\/types\/product"}],"wp:featuredmedia":[{"embeddable":true,"href":"https:\/\/www.milenadunic.com\/sr\/wp-json\/wp\/v2\/media\/11041"}],"wp:attachment":[{"href":"https:\/\/www.milenadunic.com\/sr\/wp-json\/wp\/v2\/media?parent=12090"}],"curies":[{"name":"wp","href":"https:\/\/api.w.org\/{rel}","templated":true}]}}