{"id":12080,"date":"2020-06-16T12:08:41","date_gmt":"2020-06-16T12:08:41","guid":{"rendered":"https:\/\/www.milenadunic.com\/shop\/daisy\/"},"modified":"2020-06-21T20:25:34","modified_gmt":"2020-06-21T20:25:34","slug":"daisy","status":"publish","type":"product","link":"https:\/\/www.milenadunic.com\/sr\/kolekcija\/daisy\/","title":{"rendered":"Daisy"},"content":{"rendered":"","protected":false},"excerpt":{"rendered":"<p>Daisy je uzana, strukirana haljina sa halter vratnim izrezom, se\u010dena u struku. Izra\u0111ena je od elasti\u010dnog pamuka cvetnog dezena.<\/p>\n","protected":false},"featured_media":11127,"template":"","meta":[],"_links":{"self":[{"href":"https:\/\/www.milenadunic.com\/sr\/wp-json\/wp\/v2\/product\/12080"}],"collection":[{"href":"https:\/\/www.milenadunic.com\/sr\/wp-json\/wp\/v2\/product"}],"about":[{"href":"https:\/\/www.milenadunic.com\/sr\/wp-json\/wp\/v2\/types\/product"}],"wp:featuredmedia":[{"embeddable":true,"href":"https:\/\/www.milenadunic.com\/sr\/wp-json\/wp\/v2\/media\/11127"}],"wp:attachment":[{"href":"https:\/\/www.milenadunic.com\/sr\/wp-json\/wp\/v2\/media?parent=12080"}],"curies":[{"name":"wp","href":"https:\/\/api.w.org\/{rel}","templated":true}]}}