{"id":12078,"date":"2020-06-16T12:08:41","date_gmt":"2020-06-16T12:08:41","guid":{"rendered":"https:\/\/www.milenadunic.com\/shop\/hanja\/"},"modified":"2020-06-21T20:25:34","modified_gmt":"2020-06-21T20:25:34","slug":"hanja","status":"publish","type":"product","link":"https:\/\/www.milenadunic.com\/sr\/kolekcija\/hanja\/","title":{"rendered":"Hanja"},"content":{"rendered":"","protected":false},"excerpt":{"rendered":"<p>Hanja je haljina A-kroja sa \u0161licem na prednjoj levoj strani. \u010camac vratni izrez upotpunjen je faltama na desnom ramenu. Izra\u0111ena je od dva sloja viskoze.<\/p>\n","protected":false},"featured_media":11120,"template":"","meta":[],"_links":{"self":[{"href":"https:\/\/www.milenadunic.com\/sr\/wp-json\/wp\/v2\/product\/12078"}],"collection":[{"href":"https:\/\/www.milenadunic.com\/sr\/wp-json\/wp\/v2\/product"}],"about":[{"href":"https:\/\/www.milenadunic.com\/sr\/wp-json\/wp\/v2\/types\/product"}],"wp:featuredmedia":[{"embeddable":true,"href":"https:\/\/www.milenadunic.com\/sr\/wp-json\/wp\/v2\/media\/11120"}],"wp:attachment":[{"href":"https:\/\/www.milenadunic.com\/sr\/wp-json\/wp\/v2\/media?parent=12078"}],"curies":[{"name":"wp","href":"https:\/\/api.w.org\/{rel}","templated":true}]}}