{"id":12076,"date":"2020-06-16T12:08:41","date_gmt":"2020-06-16T12:08:41","guid":{"rendered":"https:\/\/www.milenadunic.com\/shop\/seine\/"},"modified":"2021-05-13T10:44:20","modified_gmt":"2021-05-13T10:44:20","slug":"seine","status":"publish","type":"product","link":"https:\/\/www.milenadunic.com\/sr\/kolekcija\/seine\/","title":{"rendered":"Seine"},"content":{"rendered":"","protected":false},"excerpt":{"rendered":"<p>Seine je haljina A-kroja sa \u0161licem na prednjoj levoj strani. \u010camac vratni izrez je upotpunjen faltama na desnom ramenu. Izra\u0111ena je od dva sloja svile: cvetnog dezena i koralnog.<\/p>\n","protected":false},"featured_media":11108,"template":"","meta":[],"_links":{"self":[{"href":"https:\/\/www.milenadunic.com\/sr\/wp-json\/wp\/v2\/product\/12076"}],"collection":[{"href":"https:\/\/www.milenadunic.com\/sr\/wp-json\/wp\/v2\/product"}],"about":[{"href":"https:\/\/www.milenadunic.com\/sr\/wp-json\/wp\/v2\/types\/product"}],"wp:featuredmedia":[{"embeddable":true,"href":"https:\/\/www.milenadunic.com\/sr\/wp-json\/wp\/v2\/media\/11108"}],"wp:attachment":[{"href":"https:\/\/www.milenadunic.com\/sr\/wp-json\/wp\/v2\/media?parent=12076"}],"curies":[{"name":"wp","href":"https:\/\/api.w.org\/{rel}","templated":true}]}}