{"id":12074,"date":"2020-06-16T12:08:41","date_gmt":"2020-06-16T12:08:41","guid":{"rendered":"https:\/\/www.milenadunic.com\/shop\/tivoli\/"},"modified":"2020-11-30T17:58:01","modified_gmt":"2020-11-30T17:58:01","slug":"tivoli","status":"publish","type":"product","link":"https:\/\/www.milenadunic.com\/sr\/kolekcija\/tivoli\/","title":{"rendered":"Tivoli"},"content":{"rendered":"","protected":false},"excerpt":{"rendered":"<p>Tivoli je haljina A-kroja sa \u0161licem na prednjoj levoj strani. \u010camac vratni izrez je upotpunjen faltama na desnom ramenu. Izra\u0111ena je od dva sloja svile: sladoled dezena i jednobojne braon.<\/p>\n","protected":false},"featured_media":11096,"template":"","meta":[],"_links":{"self":[{"href":"https:\/\/www.milenadunic.com\/sr\/wp-json\/wp\/v2\/product\/12074"}],"collection":[{"href":"https:\/\/www.milenadunic.com\/sr\/wp-json\/wp\/v2\/product"}],"about":[{"href":"https:\/\/www.milenadunic.com\/sr\/wp-json\/wp\/v2\/types\/product"}],"wp:featuredmedia":[{"embeddable":true,"href":"https:\/\/www.milenadunic.com\/sr\/wp-json\/wp\/v2\/media\/11096"}],"wp:attachment":[{"href":"https:\/\/www.milenadunic.com\/sr\/wp-json\/wp\/v2\/media?parent=12074"}],"curies":[{"name":"wp","href":"https:\/\/api.w.org\/{rel}","templated":true}]}}