{"id":12070,"date":"2020-06-16T12:08:41","date_gmt":"2020-06-16T12:08:41","guid":{"rendered":"https:\/\/www.milenadunic.com\/shop\/aurora\/"},"modified":"2020-06-21T20:25:33","modified_gmt":"2020-06-21T20:25:33","slug":"aurora","status":"publish","type":"product","link":"https:\/\/www.milenadunic.com\/sr\/kolekcija\/aurora\/","title":{"rendered":"Aurora"},"content":{"rendered":"","protected":false},"excerpt":{"rendered":"<p>Aurora je haljina A-kroja, sa \u0161licem na prednjoj levoj strani. \u010camac vratni izrez je upotpunjen faltama na desnom ramenu. Izra\u0111ena je od dva sloja svile: ciklama sa apstraktnim mat linijama i crne.<\/p>\n","protected":false},"featured_media":11072,"template":"","meta":[],"_links":{"self":[{"href":"https:\/\/www.milenadunic.com\/sr\/wp-json\/wp\/v2\/product\/12070"}],"collection":[{"href":"https:\/\/www.milenadunic.com\/sr\/wp-json\/wp\/v2\/product"}],"about":[{"href":"https:\/\/www.milenadunic.com\/sr\/wp-json\/wp\/v2\/types\/product"}],"wp:featuredmedia":[{"embeddable":true,"href":"https:\/\/www.milenadunic.com\/sr\/wp-json\/wp\/v2\/media\/11072"}],"wp:attachment":[{"href":"https:\/\/www.milenadunic.com\/sr\/wp-json\/wp\/v2\/media?parent=12070"}],"curies":[{"name":"wp","href":"https:\/\/api.w.org\/{rel}","templated":true}]}}