{"id":12064,"date":"2020-06-16T12:08:41","date_gmt":"2020-06-16T12:08:41","guid":{"rendered":"https:\/\/www.milenadunic.com\/shop\/we-no-speak-americano\/"},"modified":"2020-11-30T18:00:28","modified_gmt":"2020-11-30T18:00:28","slug":"we-no-speak-americano","status":"publish","type":"product","link":"https:\/\/www.milenadunic.com\/sr\/kolekcija\/we-no-speak-americano\/","title":{"rendered":"We no speak americano"},"content":{"rendered":"","protected":false},"excerpt":{"rendered":"<p>We No Speak Americano je haljina A-kroja sa \u010dvorom kao detaljem s leve strane i \u010damac izrezom oko vrata. Izra\u0111ena je od dva sloja viskozne lagane tkanine.<\/p>\n","protected":false},"featured_media":11053,"template":"","meta":[],"_links":{"self":[{"href":"https:\/\/www.milenadunic.com\/sr\/wp-json\/wp\/v2\/product\/12064"}],"collection":[{"href":"https:\/\/www.milenadunic.com\/sr\/wp-json\/wp\/v2\/product"}],"about":[{"href":"https:\/\/www.milenadunic.com\/sr\/wp-json\/wp\/v2\/types\/product"}],"wp:featuredmedia":[{"embeddable":true,"href":"https:\/\/www.milenadunic.com\/sr\/wp-json\/wp\/v2\/media\/11053"}],"wp:attachment":[{"href":"https:\/\/www.milenadunic.com\/sr\/wp-json\/wp\/v2\/media?parent=12064"}],"curies":[{"name":"wp","href":"https:\/\/api.w.org\/{rel}","templated":true}]}}