{"id":12060,"date":"2020-06-16T12:09:04","date_gmt":"2020-06-16T12:09:04","guid":{"rendered":"https:\/\/www.milenadunic.com\/shop\/nika\/"},"modified":"2025-01-15T13:44:43","modified_gmt":"2025-01-15T13:44:43","slug":"nika","status":"publish","type":"product","link":"https:\/\/www.milenadunic.com\/sr\/kolekcija\/nika\/","title":{"rendered":"Nika"},"content":{"rendered":"","protected":false},"excerpt":{"rendered":"<p>Nika je strukirana koktel haljina sa halter vratnim izrezom, se\u010dena u struku. Izra\u0111ena je od elasti\u010dnog pamuka s dezenom bo\u017eura. <\/p>\n","protected":false},"featured_media":11146,"template":"","meta":[],"_links":{"self":[{"href":"https:\/\/www.milenadunic.com\/sr\/wp-json\/wp\/v2\/product\/12060"}],"collection":[{"href":"https:\/\/www.milenadunic.com\/sr\/wp-json\/wp\/v2\/product"}],"about":[{"href":"https:\/\/www.milenadunic.com\/sr\/wp-json\/wp\/v2\/types\/product"}],"wp:featuredmedia":[{"embeddable":true,"href":"https:\/\/www.milenadunic.com\/sr\/wp-json\/wp\/v2\/media\/11146"}],"wp:attachment":[{"href":"https:\/\/www.milenadunic.com\/sr\/wp-json\/wp\/v2\/media?parent=12060"}],"curies":[{"name":"wp","href":"https:\/\/api.w.org\/{rel}","templated":true}]}}