{"id":12058,"date":"2020-06-16T12:09:04","date_gmt":"2020-06-16T12:09:04","guid":{"rendered":"https:\/\/www.milenadunic.com\/shop\/cunami\/"},"modified":"2020-06-21T20:25:33","modified_gmt":"2020-06-21T20:25:33","slug":"cunami","status":"publish","type":"product","link":"https:\/\/www.milenadunic.com\/sr\/kolekcija\/cunami\/","title":{"rendered":"Cunami"},"content":{"rendered":"","protected":false},"excerpt":{"rendered":"<p>Cunami je haljina H-kroja sa dubokim V izrezom na le\u0111ima i ukrasnom tra\u010dicom za vezivanje. Bo\u010dno se nalaze vertikalni d\u017eepovi, a Izra\u0111ena je od \u010distog pamuka.<\/p>\n","protected":false},"featured_media":11139,"template":"","meta":[],"_links":{"self":[{"href":"https:\/\/www.milenadunic.com\/sr\/wp-json\/wp\/v2\/product\/12058"}],"collection":[{"href":"https:\/\/www.milenadunic.com\/sr\/wp-json\/wp\/v2\/product"}],"about":[{"href":"https:\/\/www.milenadunic.com\/sr\/wp-json\/wp\/v2\/types\/product"}],"wp:featuredmedia":[{"embeddable":true,"href":"https:\/\/www.milenadunic.com\/sr\/wp-json\/wp\/v2\/media\/11139"}],"wp:attachment":[{"href":"https:\/\/www.milenadunic.com\/sr\/wp-json\/wp\/v2\/media?parent=12058"}],"curies":[{"name":"wp","href":"https:\/\/api.w.org\/{rel}","templated":true}]}}