{"id":12056,"date":"2020-06-16T12:09:28","date_gmt":"2020-06-16T12:09:28","guid":{"rendered":"https:\/\/www.milenadunic.com\/shop\/karo\/"},"modified":"2020-11-30T17:59:57","modified_gmt":"2020-11-30T17:59:57","slug":"karo","status":"publish","type":"product","link":"https:\/\/www.milenadunic.com\/sr\/kolekcija\/karo\/","title":{"rendered":"Karo"},"content":{"rendered":"","protected":false},"excerpt":{"rendered":"<p>Karo je haljina H-kroja sa izrezom polurolke i bo\u010dnim \u0161avovima blago pomerenim unapred. Izra\u0111ena je od pamu\u010dnog \u017eerseja koji prati liniju tela.<\/p>\n","protected":false},"featured_media":11160,"template":"","meta":[],"_links":{"self":[{"href":"https:\/\/www.milenadunic.com\/sr\/wp-json\/wp\/v2\/product\/12056"}],"collection":[{"href":"https:\/\/www.milenadunic.com\/sr\/wp-json\/wp\/v2\/product"}],"about":[{"href":"https:\/\/www.milenadunic.com\/sr\/wp-json\/wp\/v2\/types\/product"}],"wp:featuredmedia":[{"embeddable":true,"href":"https:\/\/www.milenadunic.com\/sr\/wp-json\/wp\/v2\/media\/11160"}],"wp:attachment":[{"href":"https:\/\/www.milenadunic.com\/sr\/wp-json\/wp\/v2\/media?parent=12056"}],"curies":[{"name":"wp","href":"https:\/\/api.w.org\/{rel}","templated":true}]}}