{"id":12054,"date":"2020-06-16T12:09:28","date_gmt":"2020-06-16T12:09:28","guid":{"rendered":"https:\/\/www.milenadunic.com\/shop\/tananas\/"},"modified":"2020-11-30T18:09:18","modified_gmt":"2020-11-30T18:09:18","slug":"tananas","status":"publish","type":"product","link":"https:\/\/www.milenadunic.com\/sr\/kolekcija\/tananas\/","title":{"rendered":"Tananas"},"content":{"rendered":"","protected":false},"excerpt":{"rendered":"<p>Tananas je haljina H-kroja sa drapiranim vratnim izrezom i svetlucavim ananasima kao dezenom. Izra\u0111ena je od elasti\u010dnog \u017eerseja s dosta likre koji prati liniju tela.<\/p>\n","protected":false},"featured_media":11153,"template":"","meta":[],"_links":{"self":[{"href":"https:\/\/www.milenadunic.com\/sr\/wp-json\/wp\/v2\/product\/12054"}],"collection":[{"href":"https:\/\/www.milenadunic.com\/sr\/wp-json\/wp\/v2\/product"}],"about":[{"href":"https:\/\/www.milenadunic.com\/sr\/wp-json\/wp\/v2\/types\/product"}],"wp:featuredmedia":[{"embeddable":true,"href":"https:\/\/www.milenadunic.com\/sr\/wp-json\/wp\/v2\/media\/11153"}],"wp:attachment":[{"href":"https:\/\/www.milenadunic.com\/sr\/wp-json\/wp\/v2\/media?parent=12054"}],"curies":[{"name":"wp","href":"https:\/\/api.w.org\/{rel}","templated":true}]}}