{"id":12052,"date":"2020-06-16T12:09:53","date_gmt":"2020-06-16T12:09:53","guid":{"rendered":"https:\/\/www.milenadunic.com\/shop\/alpi\/"},"modified":"2020-06-21T20:25:32","modified_gmt":"2020-06-21T20:25:32","slug":"alpi","status":"publish","type":"product","link":"https:\/\/www.milenadunic.com\/sr\/kolekcija\/alpi\/","title":{"rendered":"Alpi"},"content":{"rendered":"","protected":false},"excerpt":{"rendered":"<p>Alpi je strukirana haljina se\u010dena u struku, sa dubokim ovalnim izrezom na le\u0111ima i popre\u010dnom trakom. Izra\u0111ena od tankog lorana, cvetnog dezena.<\/p>\n","protected":false},"featured_media":11174,"template":"","meta":[],"_links":{"self":[{"href":"https:\/\/www.milenadunic.com\/sr\/wp-json\/wp\/v2\/product\/12052"}],"collection":[{"href":"https:\/\/www.milenadunic.com\/sr\/wp-json\/wp\/v2\/product"}],"about":[{"href":"https:\/\/www.milenadunic.com\/sr\/wp-json\/wp\/v2\/types\/product"}],"wp:featuredmedia":[{"embeddable":true,"href":"https:\/\/www.milenadunic.com\/sr\/wp-json\/wp\/v2\/media\/11174"}],"wp:attachment":[{"href":"https:\/\/www.milenadunic.com\/sr\/wp-json\/wp\/v2\/media?parent=12052"}],"curies":[{"name":"wp","href":"https:\/\/api.w.org\/{rel}","templated":true}]}}