{"id":12050,"date":"2020-06-16T12:09:53","date_gmt":"2020-06-16T12:09:53","guid":{"rendered":"https:\/\/www.milenadunic.com\/shop\/hera\/"},"modified":"2020-06-21T20:25:32","modified_gmt":"2020-06-21T20:25:32","slug":"hera","status":"publish","type":"product","link":"https:\/\/www.milenadunic.com\/sr\/kolekcija\/hera\/","title":{"rendered":"Hera"},"content":{"rendered":"","protected":false},"excerpt":{"rendered":"<p>Hera je haljina H-kroja, kvadratnog izreza napred i pozadi, sa bo\u010dnim vertikalnim d\u017eepovima i karnerima na rukavima. Izra\u0111ena je od \u010distog pamuka cvetnog dezena. <\/p>\n","protected":false},"featured_media":11165,"template":"","meta":[],"_links":{"self":[{"href":"https:\/\/www.milenadunic.com\/sr\/wp-json\/wp\/v2\/product\/12050"}],"collection":[{"href":"https:\/\/www.milenadunic.com\/sr\/wp-json\/wp\/v2\/product"}],"about":[{"href":"https:\/\/www.milenadunic.com\/sr\/wp-json\/wp\/v2\/types\/product"}],"wp:featuredmedia":[{"embeddable":true,"href":"https:\/\/www.milenadunic.com\/sr\/wp-json\/wp\/v2\/media\/11165"}],"wp:attachment":[{"href":"https:\/\/www.milenadunic.com\/sr\/wp-json\/wp\/v2\/media?parent=12050"}],"curies":[{"name":"wp","href":"https:\/\/api.w.org\/{rel}","templated":true}]}}