{"id":12046,"date":"2020-06-16T12:10:17","date_gmt":"2020-06-16T12:10:17","guid":{"rendered":"https:\/\/www.milenadunic.com\/shop\/sace\/"},"modified":"2020-06-21T20:25:32","modified_gmt":"2020-06-21T20:25:32","slug":"sace","status":"publish","type":"product","link":"https:\/\/www.milenadunic.com\/sr\/kolekcija\/sace\/","title":{"rendered":"Sa\u0107e"},"content":{"rendered":"","protected":false},"excerpt":{"rendered":"<p>Sa\u0107e je strukirana haljina sa halter vratnim izrezom, se\u010dena u struku. Izra\u0111ena je od lorana koji savr\u0161eno prati liniju tela.<\/p>\n","protected":false},"featured_media":11179,"template":"","meta":[],"_links":{"self":[{"href":"https:\/\/www.milenadunic.com\/sr\/wp-json\/wp\/v2\/product\/12046"}],"collection":[{"href":"https:\/\/www.milenadunic.com\/sr\/wp-json\/wp\/v2\/product"}],"about":[{"href":"https:\/\/www.milenadunic.com\/sr\/wp-json\/wp\/v2\/types\/product"}],"wp:featuredmedia":[{"embeddable":true,"href":"https:\/\/www.milenadunic.com\/sr\/wp-json\/wp\/v2\/media\/11179"}],"wp:attachment":[{"href":"https:\/\/www.milenadunic.com\/sr\/wp-json\/wp\/v2\/media?parent=12046"}],"curies":[{"name":"wp","href":"https:\/\/api.w.org\/{rel}","templated":true}]}}