{"id":12044,"date":"2020-06-16T12:10:46","date_gmt":"2020-06-16T12:10:46","guid":{"rendered":"https:\/\/www.milenadunic.com\/shop\/dukat\/"},"modified":"2020-11-30T18:00:54","modified_gmt":"2020-11-30T18:00:54","slug":"dukat","status":"publish","type":"product","link":"https:\/\/www.milenadunic.com\/sr\/kolekcija\/dukat\/","title":{"rendered":"Dukat"},"content":{"rendered":"","protected":false},"excerpt":{"rendered":"<p>Dukat je strukirana haljina sa trouglastim izrezom na le\u0111ima, tri-\u010detvrt rukavima i \u010damac vratnim izrezom. Napravljena je od lamiranog svetlucavog pli\u0161a.<\/p>\n","protected":false},"featured_media":11195,"template":"","meta":[],"_links":{"self":[{"href":"https:\/\/www.milenadunic.com\/sr\/wp-json\/wp\/v2\/product\/12044"}],"collection":[{"href":"https:\/\/www.milenadunic.com\/sr\/wp-json\/wp\/v2\/product"}],"about":[{"href":"https:\/\/www.milenadunic.com\/sr\/wp-json\/wp\/v2\/types\/product"}],"wp:featuredmedia":[{"embeddable":true,"href":"https:\/\/www.milenadunic.com\/sr\/wp-json\/wp\/v2\/media\/11195"}],"wp:attachment":[{"href":"https:\/\/www.milenadunic.com\/sr\/wp-json\/wp\/v2\/media?parent=12044"}],"curies":[{"name":"wp","href":"https:\/\/api.w.org\/{rel}","templated":true}]}}