{"id":12042,"date":"2020-06-16T12:11:14","date_gmt":"2020-06-16T12:11:14","guid":{"rendered":"https:\/\/www.milenadunic.com\/shop\/kaleida\/"},"modified":"2020-08-09T10:24:25","modified_gmt":"2020-08-09T10:24:25","slug":"kaleida","status":"publish","type":"product","link":"https:\/\/www.milenadunic.com\/sr\/kolekcija\/kaleida\/","title":{"rendered":"Kaleida"},"content":{"rendered":"","protected":false},"excerpt":{"rendered":"<p>Kaleida je haljina H-kroja sa izrezom polurolke, bo\u010dnim \u0161avovima blago pomerenim unapred i vertikalnim d\u017eepovima. Izra\u0111ena je od elasti\u010dnog \u017eerseja apstraktnog dezena.<\/p>\n","protected":false},"featured_media":11202,"template":"","meta":[],"_links":{"self":[{"href":"https:\/\/www.milenadunic.com\/sr\/wp-json\/wp\/v2\/product\/12042"}],"collection":[{"href":"https:\/\/www.milenadunic.com\/sr\/wp-json\/wp\/v2\/product"}],"about":[{"href":"https:\/\/www.milenadunic.com\/sr\/wp-json\/wp\/v2\/types\/product"}],"wp:featuredmedia":[{"embeddable":true,"href":"https:\/\/www.milenadunic.com\/sr\/wp-json\/wp\/v2\/media\/11202"}],"wp:attachment":[{"href":"https:\/\/www.milenadunic.com\/sr\/wp-json\/wp\/v2\/media?parent=12042"}],"curies":[{"name":"wp","href":"https:\/\/api.w.org\/{rel}","templated":true}]}}