{"id":12040,"date":"2020-06-16T12:11:43","date_gmt":"2020-06-16T12:11:43","guid":{"rendered":"https:\/\/www.milenadunic.com\/shop\/cicoka\/"},"modified":"2020-06-21T20:25:32","modified_gmt":"2020-06-21T20:25:32","slug":"cicoka","status":"publish","type":"product","link":"https:\/\/www.milenadunic.com\/sr\/kolekcija\/cicoka\/","title":{"rendered":"\u010ci\u010doka"},"content":{"rendered":"","protected":false},"excerpt":{"rendered":"<p>\u010ci\u010doka je haljina H-kroja sa izrezom polurolke, bo\u010dnim \u0161avovima blago pomerenim unapred i vertikalnim d\u017eepovima. Izra\u0111ena je od svetlucavog brokata sa elastinom.<\/p>\n","protected":false},"featured_media":11207,"template":"","meta":[],"_links":{"self":[{"href":"https:\/\/www.milenadunic.com\/sr\/wp-json\/wp\/v2\/product\/12040"}],"collection":[{"href":"https:\/\/www.milenadunic.com\/sr\/wp-json\/wp\/v2\/product"}],"about":[{"href":"https:\/\/www.milenadunic.com\/sr\/wp-json\/wp\/v2\/types\/product"}],"wp:featuredmedia":[{"embeddable":true,"href":"https:\/\/www.milenadunic.com\/sr\/wp-json\/wp\/v2\/media\/11207"}],"wp:attachment":[{"href":"https:\/\/www.milenadunic.com\/sr\/wp-json\/wp\/v2\/media?parent=12040"}],"curies":[{"name":"wp","href":"https:\/\/api.w.org\/{rel}","templated":true}]}}