{"id":12036,"date":"2020-06-16T12:12:45","date_gmt":"2020-06-16T12:12:45","guid":{"rendered":"https:\/\/www.milenadunic.com\/shop\/fado\/"},"modified":"2020-06-21T20:25:31","modified_gmt":"2020-06-21T20:25:31","slug":"fado","status":"publish","type":"product","link":"https:\/\/www.milenadunic.com\/sr\/kolekcija\/fado\/","title":{"rendered":"Fado"},"content":{"rendered":"","protected":false},"excerpt":{"rendered":"<p>Fado je haljina H-kroja sa izrezom polurolke, bo\u010dnim \u0161avovima blago pomerenim unapred i vertikalnim d\u017eepovima. Izra\u0111ena od debelog pamuka sa dosta elastina.<\/p>\n","protected":false},"featured_media":12159,"template":"","meta":[],"_links":{"self":[{"href":"https:\/\/www.milenadunic.com\/sr\/wp-json\/wp\/v2\/product\/12036"}],"collection":[{"href":"https:\/\/www.milenadunic.com\/sr\/wp-json\/wp\/v2\/product"}],"about":[{"href":"https:\/\/www.milenadunic.com\/sr\/wp-json\/wp\/v2\/types\/product"}],"wp:featuredmedia":[{"embeddable":true,"href":"https:\/\/www.milenadunic.com\/sr\/wp-json\/wp\/v2\/media\/12159"}],"wp:attachment":[{"href":"https:\/\/www.milenadunic.com\/sr\/wp-json\/wp\/v2\/media?parent=12036"}],"curies":[{"name":"wp","href":"https:\/\/api.w.org\/{rel}","templated":true}]}}