{"id":12034,"date":"2020-06-16T12:12:45","date_gmt":"2020-06-16T12:12:45","guid":{"rendered":"https:\/\/www.milenadunic.com\/shop\/margarita\/"},"modified":"2020-06-21T20:25:31","modified_gmt":"2020-06-21T20:25:31","slug":"margarita","status":"publish","type":"product","link":"https:\/\/www.milenadunic.com\/sr\/kolekcija\/margarita\/","title":{"rendered":"Margarita"},"content":{"rendered":"","protected":false},"excerpt":{"rendered":"<p>Margarita je strukirana haljina se\u010dena u struku, sa dubokim ovalnim izrezom na le\u0111ima i popre\u010dnom trakom. Izra\u0111ena je od crne \u010dipke sa utkanim srebnim \u0161ljokicama.<\/p>\n","protected":false},"featured_media":12155,"template":"","meta":[],"_links":{"self":[{"href":"https:\/\/www.milenadunic.com\/sr\/wp-json\/wp\/v2\/product\/12034"}],"collection":[{"href":"https:\/\/www.milenadunic.com\/sr\/wp-json\/wp\/v2\/product"}],"about":[{"href":"https:\/\/www.milenadunic.com\/sr\/wp-json\/wp\/v2\/types\/product"}],"wp:featuredmedia":[{"embeddable":true,"href":"https:\/\/www.milenadunic.com\/sr\/wp-json\/wp\/v2\/media\/12155"}],"wp:attachment":[{"href":"https:\/\/www.milenadunic.com\/sr\/wp-json\/wp\/v2\/media?parent=12034"}],"curies":[{"name":"wp","href":"https:\/\/api.w.org\/{rel}","templated":true}]}}